{"id":6535,"date":"2024-01-07T16:42:15","date_gmt":"2024-01-07T15:42:15","guid":{"rendered":"http:\/\/wiesengrund-hamberg.de\/wordpress\/?page_id=6535"},"modified":"2024-12-22T06:57:27","modified_gmt":"2024-12-22T05:57:27","slug":"bilder-2024","status":"publish","type":"page","link":"http:\/\/wiesengrund-hamberg.de\/wordpress\/bilder-2024\/","title":{"rendered":"Bilder 2024"},"content":{"rendered":"\n<p><a href=\"http:\/\/wiesengrund-hamberg.de\/wordpress\/schuetzenball-2024\/\" data-type=\"page\" data-id=\"6574\">Sch\u00fctzenball<\/a><br><a href=\"http:\/\/wiesengrund-hamberg.de\/wordpress\/fasching-2024\/\">Fasching<\/a><br><a href=\"http:\/\/wiesengrund-hamberg.de\/wordpress\/kinderfasching-2024\/\">Kinderfasching<\/a><br><a href=\"http:\/\/wiesengrund-hamberg.de\/wordpress\/osterpreisschiessen-2024\/\">Osterpreisschiessen<\/a><br><a href=\"http:\/\/wiesengrund-hamberg.de\/wordpress\/bezirksschuetzentag-2024\/\" data-type=\"page\" data-id=\"6773\">Bezirkssch\u00fctzentag<\/a><br><a href=\"http:\/\/wiesengrund-hamberg.de\/wordpress\/hochzeit-manuel-2024\/\">Hochzeit Manuel<\/a><br><a href=\"http:\/\/wiesengrund-hamberg.de\/wordpress\/maibaumfest-2024\/\">Maibaumfest<\/a><br><a href=\"http:\/\/wiesengrund-hamberg.de\/wordpress\/gaudamentag-2024\/\" data-type=\"page\" data-id=\"6930\">Gaudamentag<\/a><br><a href=\"http:\/\/wiesengrund-hamberg.de\/wordpress\/ffw-breitenbrunn\/\" data-type=\"page\" data-id=\"6917\">FFW Breitenbrunn<\/a><br><a href=\"http:\/\/wiesengrund-hamberg.de\/wordpress\/ffw-dasswang-2024\/\" data-type=\"page\" data-id=\"6935\">FFW Dasswang<\/a><br><a href=\"http:\/\/wiesengrund-hamberg.de\/wordpress\/gutmann-cup-2024\/\" data-type=\"page\" data-id=\"6987\">Gutmann-Cup<\/a><br><a href=\"http:\/\/wiesengrund-hamberg.de\/wordpress\/jachenhausen-2024-2\/\" data-type=\"page\" data-id=\"7048\">Jachenhausen<\/a><br><a href=\"http:\/\/wiesengrund-hamberg.de\/wordpress\/koenigsfeier-2024\/\" data-type=\"page\" data-id=\"7053\">K\u00f6nigsfeier<\/a><br><a href=\"http:\/\/wiesengrund-hamberg.de\/wordpress\/radltour-2024\/\">Radltour<\/a><br><a href=\"http:\/\/wiesengrund-hamberg.de\/wordpress\/weinfest-2024\/\" data-type=\"page\" data-id=\"7156\">Weinfest<\/a><br><a href=\"http:\/\/wiesengrund-hamberg.de\/wordpress\/gemeindepokal-2024\/\" data-type=\"page\" data-id=\"7242\">Gemeindepokal<\/a><br><a href=\"http:\/\/wiesengrund-hamberg.de\/wordpress\/weihnachtsfeier-2024\/\" data-type=\"page\" data-id=\"7355\">Weihnachtsfeier<\/a><\/p>\n","protected":false},"excerpt":{"rendered":"<p>Sch\u00fctzenballFaschingKinderfaschingOsterpreisschiessenBezirkssch\u00fctzentagHochzeit ManuelMaibaumfestGaudamentagFFW BreitenbrunnFFW DasswangGutmann-CupJachenhausenK\u00f6nigsfeierRadltourWeinfestGemeindepokalWeihnachtsfeier<\/p>\n","protected":false},"author":1,"featured_media":0,"parent":0,"menu_order":0,"comment_status":"closed","ping_status":"closed","template":"","meta":{"ngg_post_thumbnail":0,"footnotes":""},"class_list":["post-6535","page","type-page","status-publish","hentry"],"_links":{"self":[{"href":"http:\/\/wiesengrund-hamberg.de\/wordpress\/wp-json\/wp\/v2\/pages\/6535","targetHints":{"allow":["GET"]}}],"collection":[{"href":"http:\/\/wiesengrund-hamberg.de\/wordpress\/wp-json\/wp\/v2\/pages"}],"about":[{"href":"http:\/\/wiesengrund-hamberg.de\/wordpress\/wp-json\/wp\/v2\/types\/page"}],"author":[{"embeddable":true,"href":"http:\/\/wiesengrund-hamberg.de\/wordpress\/wp-json\/wp\/v2\/users\/1"}],"replies":[{"embeddable":true,"href":"http:\/\/wiesengrund-hamberg.de\/wordpress\/wp-json\/wp\/v2\/comments?post=6535"}],"version-history":[{"count":18,"href":"http:\/\/wiesengrund-hamberg.de\/wordpress\/wp-json\/wp\/v2\/pages\/6535\/revisions"}],"predecessor-version":[{"id":7358,"href":"http:\/\/wiesengrund-hamberg.de\/wordpress\/wp-json\/wp\/v2\/pages\/6535\/revisions\/7358"}],"wp:attachment":[{"href":"http:\/\/wiesengrund-hamberg.de\/wordpress\/wp-json\/wp\/v2\/media?parent=6535"}],"curies":[{"name":"wp","href":"https:\/\/api.w.org\/{rel}","templated":true}]}}