{"id":788,"date":"2019-11-30T07:45:09","date_gmt":"2019-11-30T06:45:09","guid":{"rendered":"http:\/\/wiesengrund-hamberg.de\/wordpress\/?page_id=788"},"modified":"2019-12-21T23:31:10","modified_gmt":"2019-12-21T22:31:10","slug":"weihnachtspreisschiessen","status":"publish","type":"page","link":"http:\/\/wiesengrund-hamberg.de\/wordpress\/weihnachtspreisschiessen\/","title":{"rendered":"Weihnachtspreisschiessen"},"content":{"rendered":"\n<p class=\"has-medium-font-size\">Ergebnisse:<\/p>\n\n\n\n<p><a aria-label=\"Sch\u00fctzenk\u00f6nig (\u00f6ffnet in neuem Tab)\" rel=\"noreferrer noopener\" href=\"http:\/\/wiesengrund-hamberg.de\/wordpress\/wp-content\/uploads\/2019\/12\/sch\u00fctzenk\u00f6nig.pdf\" target=\"_blank\">Sch\u00fctzenk\u00f6nig<\/a><br><a href=\"http:\/\/wiesengrund-hamberg.de\/wordpress\/wp-content\/uploads\/2019\/12\/damenk\u00f6nigin.pdf\" target=\"_blank\" rel=\"noreferrer noopener\" aria-label=\"Damenk\u00f6nigin (\u00f6ffnet in neuem Tab)\">Damenk\u00f6nigin<\/a><br><a aria-label=\"Jugendk\u00f6nig (\u00f6ffnet in neuem Tab)\" rel=\"noreferrer noopener\" href=\"http:\/\/wiesengrund-hamberg.de\/wordpress\/wp-content\/uploads\/2019\/12\/jugendk\u00f6nig.pdf\" target=\"_blank\">Jugendk\u00f6nig<\/a><br><a aria-label=\"Preis (\u00f6ffnet in neuem Tab)\" rel=\"noreferrer noopener\" href=\"http:\/\/wiesengrund-hamberg.de\/wordpress\/wp-content\/uploads\/2019\/12\/preis.pdf\" target=\"_blank\">Preis<\/a><br><a aria-label=\"Meister LG (\u00f6ffnet in neuem Tab)\" rel=\"noreferrer noopener\" href=\"http:\/\/wiesengrund-hamberg.de\/wordpress\/wp-content\/uploads\/2019\/12\/meister-lg.pdf\" target=\"_blank\">Meister LG<\/a><br><a aria-label=\"Meister LP (\u00f6ffnet in neuem Tab)\" rel=\"noreferrer noopener\" href=\"http:\/\/wiesengrund-hamberg.de\/wordpress\/wp-content\/uploads\/2019\/12\/meister-lp.pdf\" target=\"_blank\">Meister LP<\/a><br><a aria-label=\"Wittlpokal (\u00f6ffnet in neuem Tab)\" rel=\"noreferrer noopener\" href=\"http:\/\/wiesengrund-hamberg.de\/wordpress\/wp-content\/uploads\/2019\/12\/wittlpokal.pdf\" target=\"_blank\">Wittlpokal<\/a><br><a aria-label=\"Wanderpokal (\u00f6ffnet in neuem Tab)\" rel=\"noreferrer noopener\" href=\"http:\/\/wiesengrund-hamberg.de\/wordpress\/wp-content\/uploads\/2019\/12\/wanderpokal.pdf\" target=\"_blank\">Wanderpokal<\/a><br><a aria-label=\"Jugendpokal (\u00f6ffnet in neuem Tab)\" rel=\"noreferrer noopener\" href=\"http:\/\/wiesengrund-hamberg.de\/wordpress\/wp-content\/uploads\/2019\/12\/jugendpokal.pdf\" target=\"_blank\">Jugendpokal<\/a><br><a aria-label=\"Sch\u00fclerpokal (\u00f6ffnet in neuem Tab)\" rel=\"noreferrer noopener\" href=\"http:\/\/wiesengrund-hamberg.de\/wordpress\/wp-content\/uploads\/2019\/12\/schuelerpokal.pdf\" target=\"_blank\">Sch\u00fclerpokal<\/a><\/p>\n","protected":false},"excerpt":{"rendered":"<p>Ergebnisse: Sch\u00fctzenk\u00f6nigDamenk\u00f6niginJugendk\u00f6nigPreisMeister LGMeister LPWittlpokalWanderpokalJugendpokalSch\u00fclerpokal<\/p>\n","protected":false},"author":1,"featured_media":0,"parent":0,"menu_order":0,"comment_status":"closed","ping_status":"closed","template":"","meta":{"ngg_post_thumbnail":0,"footnotes":""},"class_list":["post-788","page","type-page","status-publish","hentry"],"_links":{"self":[{"href":"http:\/\/wiesengrund-hamberg.de\/wordpress\/wp-json\/wp\/v2\/pages\/788","targetHints":{"allow":["GET"]}}],"collection":[{"href":"http:\/\/wiesengrund-hamberg.de\/wordpress\/wp-json\/wp\/v2\/pages"}],"about":[{"href":"http:\/\/wiesengrund-hamberg.de\/wordpress\/wp-json\/wp\/v2\/types\/page"}],"author":[{"embeddable":true,"href":"http:\/\/wiesengrund-hamberg.de\/wordpress\/wp-json\/wp\/v2\/users\/1"}],"replies":[{"embeddable":true,"href":"http:\/\/wiesengrund-hamberg.de\/wordpress\/wp-json\/wp\/v2\/comments?post=788"}],"version-history":[{"count":16,"href":"http:\/\/wiesengrund-hamberg.de\/wordpress\/wp-json\/wp\/v2\/pages\/788\/revisions"}],"predecessor-version":[{"id":860,"href":"http:\/\/wiesengrund-hamberg.de\/wordpress\/wp-json\/wp\/v2\/pages\/788\/revisions\/860"}],"wp:attachment":[{"href":"http:\/\/wiesengrund-hamberg.de\/wordpress\/wp-json\/wp\/v2\/media?parent=788"}],"curies":[{"name":"wp","href":"https:\/\/api.w.org\/{rel}","templated":true}]}}